{"id":45,"date":"2023-01-27T20:21:53","date_gmt":"2023-01-27T19:21:53","guid":{"rendered":"https:\/\/denicmed.rs\/\/?page_id=45"},"modified":"2024-02-15T14:24:06","modified_gmt":"2024-02-15T13:24:06","slug":"iz-pcelarskog-dnevnika","status":"publish","type":"page","link":"https:\/\/denicmed.rs\/index.php\/iz-pcelarskog-dnevnika\/","title":{"rendered":"IZ P\u010cELARSKOG DNEVNIKA"},"content":{"rendered":"\t\t<div data-elementor-type=\"wp-page\" data-elementor-id=\"45\" class=\"elementor elementor-45\">\n\t\t\t\t\t\t<section class=\"elementor-section elementor-top-section elementor-element elementor-element-f28821b elementor-section-boxed elementor-section-height-default elementor-section-height-default\" data-id=\"f28821b\" data-element_type=\"section\" data-e-type=\"section\">\n\t\t\t\t\t\t<div class=\"elementor-container elementor-column-gap-default\">\n\t\t\t\t\t<div class=\"elementor-column elementor-col-33 elementor-top-column elementor-element elementor-element-2039ac4\" data-id=\"2039ac4\" data-element_type=\"column\" data-e-type=\"column\">\n\t\t\t<div class=\"elementor-widget-wrap elementor-element-populated\">\n\t\t\t\t\t\t<div class=\"elementor-element elementor-element-60f2129 elementor-invisible elementor-widget elementor-widget-image\" data-id=\"60f2129\" data-element_type=\"widget\" data-e-type=\"widget\" data-settings=\"{&quot;_animation&quot;:&quot;fadeInDown&quot;}\" data-widget_type=\"image.default\">\n\t\t\t\t\t\t\t\t\t\t\t\t\t\t\t<img fetchpriority=\"high\" decoding=\"async\" width=\"512\" height=\"512\" src=\"https:\/\/denicmed.rs\/wp-content\/uploads\/2023\/01\/cropped-img_20220206_111641-scaled-1.jpg\" class=\"attachment-large size-large wp-image-35\" alt=\"\" srcset=\"https:\/\/denicmed.rs\/wp-content\/uploads\/2023\/01\/cropped-img_20220206_111641-scaled-1.jpg 512w, https:\/\/denicmed.rs\/wp-content\/uploads\/2023\/01\/cropped-img_20220206_111641-scaled-1-300x300.jpg 300w, https:\/\/denicmed.rs\/wp-content\/uploads\/2023\/01\/cropped-img_20220206_111641-scaled-1-150x150.jpg 150w, https:\/\/denicmed.rs\/wp-content\/uploads\/2023\/01\/cropped-img_20220206_111641-scaled-1-100x100.jpg 100w, https:\/\/denicmed.rs\/wp-content\/uploads\/2023\/01\/cropped-img_20220206_111641-scaled-1-270x270.jpg 270w, https:\/\/denicmed.rs\/wp-content\/uploads\/2023\/01\/cropped-img_20220206_111641-scaled-1-192x192.jpg 192w, https:\/\/denicmed.rs\/wp-content\/uploads\/2023\/01\/cropped-img_20220206_111641-scaled-1-180x180.jpg 180w, https:\/\/denicmed.rs\/wp-content\/uploads\/2023\/01\/cropped-img_20220206_111641-scaled-1-32x32.jpg 32w\" sizes=\"100vw\" \/>\t\t\t\t\t\t\t\t\t\t\t\t\t\t\t<\/div>\n\t\t\t\t\t<\/div>\n\t\t<\/div>\n\t\t\t\t<div class=\"elementor-column elementor-col-66 elementor-top-column elementor-element elementor-element-4cf555f\" data-id=\"4cf555f\" data-element_type=\"column\" data-e-type=\"column\">\n\t\t\t<div class=\"elementor-widget-wrap elementor-element-populated\">\n\t\t\t\t\t\t<div class=\"elementor-element elementor-element-783ab23 elementor-widget elementor-widget-text-editor\" data-id=\"783ab23\" data-element_type=\"widget\" data-e-type=\"widget\" data-widget_type=\"text-editor.default\">\n\t\t\t\t\t\t\t\t\t<p>Kada je Zoran Deni\u0107 krenuo da p\u010delari davne 1980. godine, prvi dnevnik je bio pisan u tada\u0161njim sveskama u linije sa prepoznatljivim koricama (za one malo starije).<\/p><p>Na slici vidimo kako izgleda prva strana dnevnika i \u0161ta je zapisao u njoj te davne 1980. godine.<\/p>\t\t\t\t\t\t\t\t<\/div>\n\t\t\t\t\t<\/div>\n\t\t<\/div>\n\t\t\t\t\t<\/div>\n\t\t<\/section>\n\t\t\t\t<section class=\"elementor-section elementor-top-section elementor-element elementor-element-0c2de47 elementor-section-boxed elementor-section-height-default elementor-section-height-default\" data-id=\"0c2de47\" data-element_type=\"section\" data-e-type=\"section\">\n\t\t\t\t\t\t<div class=\"elementor-container elementor-column-gap-default\">\n\t\t\t\t\t<div class=\"elementor-column elementor-col-50 elementor-top-column elementor-element elementor-element-bb41e44\" data-id=\"bb41e44\" data-element_type=\"column\" data-e-type=\"column\">\n\t\t\t<div class=\"elementor-widget-wrap elementor-element-populated\">\n\t\t\t\t\t\t<div class=\"elementor-element elementor-element-c5260ca elementor-widget elementor-widget-text-editor\" data-id=\"c5260ca\" data-element_type=\"widget\" data-e-type=\"widget\" data-widget_type=\"text-editor.default\">\n\t\t\t\t\t\t\t\t\t<p>Njegov otac Mladen je 02. avgusta 1980. godine je prona\u0161ao prvo p\u010delinje dru\u0161tvo u delu planine Seli\u010device koji se zove \u0160opa. Nakon skra\u0107ivanja drveta i transporta, ovako je i prezimila ispred ku\u0107e, u panju pa je tek 1981. godine preba\u010dena u ko\u0161nici broj 2. Te godine je dobio i 2 p\u010delinja dru\u0161tva od svog ujaka (ko\u0161nica broj 1.) i kuma (ko\u0161nica broj 3.).<\/p>\t\t\t\t\t\t\t\t<\/div>\n\t\t\t\t\t<\/div>\n\t\t<\/div>\n\t\t\t\t<div class=\"elementor-column elementor-col-50 elementor-top-column elementor-element elementor-element-fe2c282\" data-id=\"fe2c282\" data-element_type=\"column\" data-e-type=\"column\">\n\t\t\t<div class=\"elementor-widget-wrap elementor-element-populated\">\n\t\t\t\t\t\t<div class=\"elementor-element elementor-element-56cbe74 elementor-invisible elementor-widget elementor-widget-image\" data-id=\"56cbe74\" data-element_type=\"widget\" data-e-type=\"widget\" data-settings=\"{&quot;_animation&quot;:&quot;fadeInUp&quot;}\" data-widget_type=\"image.default\">\n\t\t\t\t\t\t\t\t\t\t\t\t\t\t\t<img decoding=\"async\" width=\"525\" height=\"700\" src=\"https:\/\/denicmed.rs\/wp-content\/uploads\/2023\/01\/Webp.net-compress-image-2-768x1024.jpg\" class=\"attachment-large size-large wp-image-33\" alt=\"\" srcset=\"https:\/\/denicmed.rs\/wp-content\/uploads\/2023\/01\/Webp.net-compress-image-2-768x1024.jpg 768w, https:\/\/denicmed.rs\/wp-content\/uploads\/2023\/01\/Webp.net-compress-image-2-225x300.jpg 225w, https:\/\/denicmed.rs\/wp-content\/uploads\/2023\/01\/Webp.net-compress-image-2-1152x1536.jpg 1152w, https:\/\/denicmed.rs\/wp-content\/uploads\/2023\/01\/Webp.net-compress-image-2-1536x2048.jpg 1536w, https:\/\/denicmed.rs\/wp-content\/uploads\/2023\/01\/Webp.net-compress-image-2-scaled.jpg 1920w\" sizes=\"100vw\" \/>\t\t\t\t\t\t\t\t\t\t\t\t\t\t\t<\/div>\n\t\t\t\t\t<\/div>\n\t\t<\/div>\n\t\t\t\t\t<\/div>\n\t\t<\/section>\n\t\t\t\t<section class=\"elementor-section elementor-top-section elementor-element elementor-element-2d17912 elementor-section-boxed elementor-section-height-default elementor-section-height-default\" data-id=\"2d17912\" data-element_type=\"section\" data-e-type=\"section\">\n\t\t\t\t\t\t<div class=\"elementor-container elementor-column-gap-default\">\n\t\t\t\t\t<div class=\"elementor-column elementor-col-100 elementor-top-column elementor-element elementor-element-9c41ee1\" data-id=\"9c41ee1\" data-element_type=\"column\" data-e-type=\"column\">\n\t\t\t<div class=\"elementor-widget-wrap elementor-element-populated\">\n\t\t\t\t\t\t<div class=\"elementor-element elementor-element-3af967e elementor-arrows-position-inside elementor-pagination-position-outside elementor-widget elementor-widget-image-carousel\" data-id=\"3af967e\" data-element_type=\"widget\" data-e-type=\"widget\" data-settings=\"{&quot;slides_to_show&quot;:&quot;3&quot;,&quot;image_spacing_custom&quot;:{&quot;unit&quot;:&quot;px&quot;,&quot;size&quot;:32,&quot;sizes&quot;:[]},&quot;navigation&quot;:&quot;both&quot;,&quot;autoplay&quot;:&quot;yes&quot;,&quot;pause_on_hover&quot;:&quot;yes&quot;,&quot;pause_on_interaction&quot;:&quot;yes&quot;,&quot;autoplay_speed&quot;:5000,&quot;infinite&quot;:&quot;yes&quot;,&quot;speed&quot;:500,&quot;image_spacing_custom_tablet&quot;:{&quot;unit&quot;:&quot;px&quot;,&quot;size&quot;:&quot;&quot;,&quot;sizes&quot;:[]},&quot;image_spacing_custom_mobile&quot;:{&quot;unit&quot;:&quot;px&quot;,&quot;size&quot;:&quot;&quot;,&quot;sizes&quot;:[]}}\" data-widget_type=\"image-carousel.default\">\n\t\t\t\t\t\t\t<div class=\"elementor-image-carousel-wrapper swiper\" role=\"region\" aria-roledescription=\"carousel\" aria-label=\"Image Carousel\" dir=\"ltr\">\n\t\t\t<div class=\"elementor-image-carousel swiper-wrapper swiper-image-stretch\" aria-live=\"off\">\n\t\t\t\t\t\t\t\t<div class=\"swiper-slide\" role=\"group\" aria-roledescription=\"slide\" aria-label=\"1 of 7\"><figure class=\"swiper-slide-inner\"><img decoding=\"async\" class=\"swiper-slide-image\" src=\"https:\/\/denicmed.rs\/wp-content\/uploads\/2023\/02\/IMG_20230203_124431-1152x1536.jpg\" alt=\"IMG_20230203_124431\" \/><\/figure><\/div><div class=\"swiper-slide\" role=\"group\" aria-roledescription=\"slide\" aria-label=\"2 of 7\"><figure class=\"swiper-slide-inner\"><img decoding=\"async\" class=\"swiper-slide-image\" src=\"https:\/\/denicmed.rs\/wp-content\/uploads\/2023\/02\/IMG_20230203_124455-1152x1536.jpg\" alt=\"IMG_20230203_124455\" \/><\/figure><\/div><div class=\"swiper-slide\" role=\"group\" aria-roledescription=\"slide\" aria-label=\"3 of 7\"><figure class=\"swiper-slide-inner\"><img decoding=\"async\" class=\"swiper-slide-image\" src=\"https:\/\/denicmed.rs\/wp-content\/uploads\/2023\/02\/IMG_20230203_124527-1152x1536.jpg\" alt=\"IMG_20230203_124527\" \/><\/figure><\/div><div class=\"swiper-slide\" role=\"group\" aria-roledescription=\"slide\" aria-label=\"4 of 7\"><figure class=\"swiper-slide-inner\"><img decoding=\"async\" class=\"swiper-slide-image\" src=\"https:\/\/denicmed.rs\/wp-content\/uploads\/2023\/02\/IMG_20230203_124518-1152x1536.jpg\" alt=\"IMG_20230203_124518\" \/><\/figure><\/div><div class=\"swiper-slide\" role=\"group\" aria-roledescription=\"slide\" aria-label=\"5 of 7\"><figure class=\"swiper-slide-inner\"><img decoding=\"async\" class=\"swiper-slide-image\" src=\"https:\/\/denicmed.rs\/wp-content\/uploads\/2024\/02\/IMG_20240215_123256-1152x1536.jpg\" alt=\"IMG_20240215_123256\" \/><\/figure><\/div><div class=\"swiper-slide\" role=\"group\" aria-roledescription=\"slide\" aria-label=\"6 of 7\"><figure class=\"swiper-slide-inner\"><img decoding=\"async\" class=\"swiper-slide-image\" src=\"https:\/\/denicmed.rs\/wp-content\/uploads\/2024\/02\/IMG_20240215_123302-1152x1536.jpg\" alt=\"IMG_20240215_123302\" \/><\/figure><\/div><div class=\"swiper-slide\" role=\"group\" aria-roledescription=\"slide\" aria-label=\"7 of 7\"><figure class=\"swiper-slide-inner\"><img decoding=\"async\" class=\"swiper-slide-image\" src=\"https:\/\/denicmed.rs\/wp-content\/uploads\/2024\/02\/IMG_20240215_123322-1152x1536.jpg\" alt=\"IMG_20240215_123322\" \/><\/figure><\/div>\t\t\t<\/div>\n\t\t\t\t\t\t\t\t\t\t\t\t<div class=\"elementor-swiper-button elementor-swiper-button-prev\" role=\"button\" tabindex=\"0\">\n\t\t\t\t\t\t<svg aria-hidden=\"true\" class=\"e-font-icon-svg e-eicon-chevron-left\" viewBox=\"0 0 1000 1000\" xmlns=\"http:\/\/www.w3.org\/2000\/svg\"><path d=\"M646 125C629 125 613 133 604 142L308 442C296 454 292 471 292 487 292 504 296 521 308 533L604 854C617 867 629 875 646 875 663 875 679 871 692 858 704 846 713 829 713 812 713 796 708 779 692 767L438 487 692 225C700 217 708 204 708 187 708 171 704 154 692 142 675 129 663 125 646 125Z\"><\/path><\/svg>\t\t\t\t\t<\/div>\n\t\t\t\t\t<div class=\"elementor-swiper-button elementor-swiper-button-next\" role=\"button\" tabindex=\"0\">\n\t\t\t\t\t\t<svg aria-hidden=\"true\" class=\"e-font-icon-svg e-eicon-chevron-right\" viewBox=\"0 0 1000 1000\" xmlns=\"http:\/\/www.w3.org\/2000\/svg\"><path d=\"M696 533C708 521 713 504 713 487 713 471 708 454 696 446L400 146C388 133 375 125 354 125 338 125 325 129 313 142 300 154 292 171 292 187 292 204 296 221 308 233L563 492 304 771C292 783 288 800 288 817 288 833 296 850 308 863 321 871 338 875 354 875 371 875 388 867 400 854L696 533Z\"><\/path><\/svg>\t\t\t\t\t<\/div>\n\t\t\t\t\n\t\t\t\t\t\t\t\t\t<div class=\"swiper-pagination\"><\/div>\n\t\t\t\t\t\t\t\t\t<\/div>\n\t\t\t\t\t\t<\/div>\n\t\t\t\t\t<\/div>\n\t\t<\/div>\n\t\t\t\t\t<\/div>\n\t\t<\/section>\n\t\t\t\t<\/div>\n\t\t","protected":false},"excerpt":{"rendered":"<p>Kada je Zoran Deni\u0107 krenuo da p\u010delari davne 1980. godine, prvi dnevnik je bio pisan u tada\u0161njim sveskama u linije sa prepoznatljivim koricama (za one malo starije). Na slici vidimo kako izgleda prva strana dnevnika i \u0161ta je zapisao u njoj te davne 1980. godine. Njegov otac Mladen je 02. avgusta 1980. godine je prona\u0161ao &hellip; <\/p>\n<p class=\"link-more\"><a href=\"https:\/\/denicmed.rs\/index.php\/iz-pcelarskog-dnevnika\/\" class=\"more-link\">Continue reading<span class=\"screen-reader-text\"> &#8220;IZ P\u010cELARSKOG DNEVNIKA&#8221;<\/span><\/a><\/p>\n","protected":false},"author":1,"featured_media":0,"parent":0,"menu_order":0,"comment_status":"closed","ping_status":"closed","template":"elementor_header_footer","meta":{"footnotes":""},"class_list":["post-45","page","type-page","status-publish","hentry"],"yoast_head":"<!-- This site is optimized with the Yoast SEO plugin v26.9 - https:\/\/yoast.com\/product\/yoast-seo-wordpress\/ -->\n<title>IZ P\u010cELARSKOG DNEVNIKA | deni\u0107 med<\/title>\n<meta name=\"description\" content=\"Svaki dogadjaj, svaka godina i svi procesi se opisuju u p\u010delarskom dnevniku kako bi p\u010delar imao uvid u stanje ko\u0161nica na p\u010delinjaku.\" \/>\n<meta name=\"robots\" content=\"index, follow, max-snippet:-1, max-image-preview:large, max-video-preview:-1\" \/>\n<link rel=\"canonical\" href=\"https:\/\/denicmed.rs\/index.php\/iz-pcelarskog-dnevnika\/\" \/>\n<meta property=\"og:locale\" content=\"en_US\" \/>\n<meta property=\"og:type\" content=\"article\" \/>\n<meta property=\"og:title\" content=\"IZ P\u010cELARSKOG DNEVNIKA | deni\u0107 med\" \/>\n<meta property=\"og:description\" content=\"Svaki dogadjaj, svaka godina i svi procesi se opisuju u p\u010delarskom dnevniku kako bi p\u010delar imao uvid u stanje ko\u0161nica na p\u010delinjaku.\" \/>\n<meta property=\"og:url\" content=\"https:\/\/denicmed.rs\/index.php\/iz-pcelarskog-dnevnika\/\" \/>\n<meta property=\"og:site_name\" content=\"deni\u0107 med\" \/>\n<meta property=\"article:modified_time\" content=\"2024-02-15T13:24:06+00:00\" \/>\n<meta property=\"og:image\" content=\"https:\/\/denicmed.rs\/wp-content\/uploads\/2023\/01\/cropped-img_20220206_111641-scaled-1.jpg\" \/>\n<meta name=\"twitter:card\" content=\"summary_large_image\" \/>\n<meta name=\"twitter:label1\" content=\"Est. reading time\" \/>\n\t<meta name=\"twitter:data1\" content=\"4 minutes\" \/>\n<script type=\"application\/ld+json\" class=\"yoast-schema-graph\">{\"@context\":\"https:\/\/schema.org\",\"@graph\":[{\"@type\":\"WebPage\",\"@id\":\"https:\/\/denicmed.rs\/index.php\/iz-pcelarskog-dnevnika\/\",\"url\":\"https:\/\/denicmed.rs\/index.php\/iz-pcelarskog-dnevnika\/\",\"name\":\"IZ P\u010cELARSKOG DNEVNIKA | deni\u0107 med\",\"isPartOf\":{\"@id\":\"https:\/\/denicmed.rs\/#website\"},\"primaryImageOfPage\":{\"@id\":\"https:\/\/denicmed.rs\/index.php\/iz-pcelarskog-dnevnika\/#primaryimage\"},\"image\":{\"@id\":\"https:\/\/denicmed.rs\/index.php\/iz-pcelarskog-dnevnika\/#primaryimage\"},\"thumbnailUrl\":\"https:\/\/denicmed.rs\/wp-content\/uploads\/2023\/01\/cropped-img_20220206_111641-scaled-1.jpg\",\"datePublished\":\"2023-01-27T19:21:53+00:00\",\"dateModified\":\"2024-02-15T13:24:06+00:00\",\"description\":\"Svaki dogadjaj, svaka godina i svi procesi se opisuju u p\u010delarskom dnevniku kako bi p\u010delar imao uvid u stanje ko\u0161nica na p\u010delinjaku.\",\"breadcrumb\":{\"@id\":\"https:\/\/denicmed.rs\/index.php\/iz-pcelarskog-dnevnika\/#breadcrumb\"},\"inLanguage\":\"en-US\",\"potentialAction\":[{\"@type\":\"ReadAction\",\"target\":[\"https:\/\/denicmed.rs\/index.php\/iz-pcelarskog-dnevnika\/\"]}]},{\"@type\":\"ImageObject\",\"inLanguage\":\"en-US\",\"@id\":\"https:\/\/denicmed.rs\/index.php\/iz-pcelarskog-dnevnika\/#primaryimage\",\"url\":\"https:\/\/denicmed.rs\/wp-content\/uploads\/2023\/01\/cropped-img_20220206_111641-scaled-1.jpg\",\"contentUrl\":\"https:\/\/denicmed.rs\/wp-content\/uploads\/2023\/01\/cropped-img_20220206_111641-scaled-1.jpg\",\"width\":512,\"height\":512},{\"@type\":\"BreadcrumbList\",\"@id\":\"https:\/\/denicmed.rs\/index.php\/iz-pcelarskog-dnevnika\/#breadcrumb\",\"itemListElement\":[{\"@type\":\"ListItem\",\"position\":1,\"name\":\"Home\",\"item\":\"https:\/\/denicmed.rs\/\"},{\"@type\":\"ListItem\",\"position\":2,\"name\":\"IZ P\u010cELARSKOG DNEVNIKA\"}]},{\"@type\":\"WebSite\",\"@id\":\"https:\/\/denicmed.rs\/#website\",\"url\":\"https:\/\/denicmed.rs\/\",\"name\":\"deni\u0107 med\",\"description\":\"Proizvodnja prirodnog meda\",\"publisher\":{\"@id\":\"https:\/\/denicmed.rs\/#\/schema\/person\/7551fede5252cece93b8521ebef9a414\"},\"alternateName\":\"Gornji Barbe\u0161\",\"potentialAction\":[{\"@type\":\"SearchAction\",\"target\":{\"@type\":\"EntryPoint\",\"urlTemplate\":\"https:\/\/denicmed.rs\/?s={search_term_string}\"},\"query-input\":{\"@type\":\"PropertyValueSpecification\",\"valueRequired\":true,\"valueName\":\"search_term_string\"}}],\"inLanguage\":\"en-US\"},{\"@type\":[\"Person\",\"Organization\"],\"@id\":\"https:\/\/denicmed.rs\/#\/schema\/person\/7551fede5252cece93b8521ebef9a414\",\"name\":\"Dencha2\",\"image\":{\"@type\":\"ImageObject\",\"inLanguage\":\"en-US\",\"@id\":\"https:\/\/denicmed.rs\/#\/schema\/person\/image\/\",\"url\":\"https:\/\/denicmed.rs\/wp-content\/uploads\/2023\/01\/cropped-img_20220206_111641-scaled-1.jpg\",\"contentUrl\":\"https:\/\/denicmed.rs\/wp-content\/uploads\/2023\/01\/cropped-img_20220206_111641-scaled-1.jpg\",\"width\":512,\"height\":512,\"caption\":\"Dencha2\"},\"logo\":{\"@id\":\"https:\/\/denicmed.rs\/#\/schema\/person\/image\/\"},\"sameAs\":[\"https:\/\/denicmed.rs\/\",\"https:\/\/www.linkedin.com\/in\/milan-deni-080168109\",\"https:\/\/www.youtube.com\/channel\/UCSxHLW5oZBwcsoO8Kzjiojg\"]}]}<\/script>\n<!-- \/ Yoast SEO plugin. -->","yoast_head_json":{"title":"IZ P\u010cELARSKOG DNEVNIKA | deni\u0107 med","description":"Svaki dogadjaj, svaka godina i svi procesi se opisuju u p\u010delarskom dnevniku kako bi p\u010delar imao uvid u stanje ko\u0161nica na p\u010delinjaku.","robots":{"index":"index","follow":"follow","max-snippet":"max-snippet:-1","max-image-preview":"max-image-preview:large","max-video-preview":"max-video-preview:-1"},"canonical":"https:\/\/denicmed.rs\/index.php\/iz-pcelarskog-dnevnika\/","og_locale":"en_US","og_type":"article","og_title":"IZ P\u010cELARSKOG DNEVNIKA | deni\u0107 med","og_description":"Svaki dogadjaj, svaka godina i svi procesi se opisuju u p\u010delarskom dnevniku kako bi p\u010delar imao uvid u stanje ko\u0161nica na p\u010delinjaku.","og_url":"https:\/\/denicmed.rs\/index.php\/iz-pcelarskog-dnevnika\/","og_site_name":"deni\u0107 med","article_modified_time":"2024-02-15T13:24:06+00:00","og_image":[{"url":"https:\/\/denicmed.rs\/wp-content\/uploads\/2023\/01\/cropped-img_20220206_111641-scaled-1.jpg","type":"","width":"","height":""}],"twitter_card":"summary_large_image","twitter_misc":{"Est. reading time":"4 minutes"},"schema":{"@context":"https:\/\/schema.org","@graph":[{"@type":"WebPage","@id":"https:\/\/denicmed.rs\/index.php\/iz-pcelarskog-dnevnika\/","url":"https:\/\/denicmed.rs\/index.php\/iz-pcelarskog-dnevnika\/","name":"IZ P\u010cELARSKOG DNEVNIKA | deni\u0107 med","isPartOf":{"@id":"https:\/\/denicmed.rs\/#website"},"primaryImageOfPage":{"@id":"https:\/\/denicmed.rs\/index.php\/iz-pcelarskog-dnevnika\/#primaryimage"},"image":{"@id":"https:\/\/denicmed.rs\/index.php\/iz-pcelarskog-dnevnika\/#primaryimage"},"thumbnailUrl":"https:\/\/denicmed.rs\/wp-content\/uploads\/2023\/01\/cropped-img_20220206_111641-scaled-1.jpg","datePublished":"2023-01-27T19:21:53+00:00","dateModified":"2024-02-15T13:24:06+00:00","description":"Svaki dogadjaj, svaka godina i svi procesi se opisuju u p\u010delarskom dnevniku kako bi p\u010delar imao uvid u stanje ko\u0161nica na p\u010delinjaku.","breadcrumb":{"@id":"https:\/\/denicmed.rs\/index.php\/iz-pcelarskog-dnevnika\/#breadcrumb"},"inLanguage":"en-US","potentialAction":[{"@type":"ReadAction","target":["https:\/\/denicmed.rs\/index.php\/iz-pcelarskog-dnevnika\/"]}]},{"@type":"ImageObject","inLanguage":"en-US","@id":"https:\/\/denicmed.rs\/index.php\/iz-pcelarskog-dnevnika\/#primaryimage","url":"https:\/\/denicmed.rs\/wp-content\/uploads\/2023\/01\/cropped-img_20220206_111641-scaled-1.jpg","contentUrl":"https:\/\/denicmed.rs\/wp-content\/uploads\/2023\/01\/cropped-img_20220206_111641-scaled-1.jpg","width":512,"height":512},{"@type":"BreadcrumbList","@id":"https:\/\/denicmed.rs\/index.php\/iz-pcelarskog-dnevnika\/#breadcrumb","itemListElement":[{"@type":"ListItem","position":1,"name":"Home","item":"https:\/\/denicmed.rs\/"},{"@type":"ListItem","position":2,"name":"IZ P\u010cELARSKOG DNEVNIKA"}]},{"@type":"WebSite","@id":"https:\/\/denicmed.rs\/#website","url":"https:\/\/denicmed.rs\/","name":"deni\u0107 med","description":"Proizvodnja prirodnog meda","publisher":{"@id":"https:\/\/denicmed.rs\/#\/schema\/person\/7551fede5252cece93b8521ebef9a414"},"alternateName":"Gornji Barbe\u0161","potentialAction":[{"@type":"SearchAction","target":{"@type":"EntryPoint","urlTemplate":"https:\/\/denicmed.rs\/?s={search_term_string}"},"query-input":{"@type":"PropertyValueSpecification","valueRequired":true,"valueName":"search_term_string"}}],"inLanguage":"en-US"},{"@type":["Person","Organization"],"@id":"https:\/\/denicmed.rs\/#\/schema\/person\/7551fede5252cece93b8521ebef9a414","name":"Dencha2","image":{"@type":"ImageObject","inLanguage":"en-US","@id":"https:\/\/denicmed.rs\/#\/schema\/person\/image\/","url":"https:\/\/denicmed.rs\/wp-content\/uploads\/2023\/01\/cropped-img_20220206_111641-scaled-1.jpg","contentUrl":"https:\/\/denicmed.rs\/wp-content\/uploads\/2023\/01\/cropped-img_20220206_111641-scaled-1.jpg","width":512,"height":512,"caption":"Dencha2"},"logo":{"@id":"https:\/\/denicmed.rs\/#\/schema\/person\/image\/"},"sameAs":["https:\/\/denicmed.rs\/","https:\/\/www.linkedin.com\/in\/milan-deni-080168109","https:\/\/www.youtube.com\/channel\/UCSxHLW5oZBwcsoO8Kzjiojg"]}]}},"_links":{"self":[{"href":"https:\/\/denicmed.rs\/index.php\/wp-json\/wp\/v2\/pages\/45","targetHints":{"allow":["GET"]}}],"collection":[{"href":"https:\/\/denicmed.rs\/index.php\/wp-json\/wp\/v2\/pages"}],"about":[{"href":"https:\/\/denicmed.rs\/index.php\/wp-json\/wp\/v2\/types\/page"}],"author":[{"embeddable":true,"href":"https:\/\/denicmed.rs\/index.php\/wp-json\/wp\/v2\/users\/1"}],"replies":[{"embeddable":true,"href":"https:\/\/denicmed.rs\/index.php\/wp-json\/wp\/v2\/comments?post=45"}],"version-history":[{"count":23,"href":"https:\/\/denicmed.rs\/index.php\/wp-json\/wp\/v2\/pages\/45\/revisions"}],"predecessor-version":[{"id":546,"href":"https:\/\/denicmed.rs\/index.php\/wp-json\/wp\/v2\/pages\/45\/revisions\/546"}],"wp:attachment":[{"href":"https:\/\/denicmed.rs\/index.php\/wp-json\/wp\/v2\/media?parent=45"}],"curies":[{"name":"wp","href":"https:\/\/api.w.org\/{rel}","templated":true}]}}