{"id":42,"date":"2023-01-27T20:20:14","date_gmt":"2023-01-27T19:20:14","guid":{"rendered":"https:\/\/denicmed.rs\/\/?page_id=42"},"modified":"2023-02-04T12:07:21","modified_gmt":"2023-02-04T11:07:21","slug":"galerija-slika","status":"publish","type":"page","link":"https:\/\/denicmed.rs\/index.php\/galerija-slika\/","title":{"rendered":"GALERIJA SLIKA"},"content":{"rendered":"\t\t<div data-elementor-type=\"wp-page\" data-elementor-id=\"42\" class=\"elementor elementor-42\">\n\t\t\t\t\t\t<section class=\"elementor-section elementor-top-section elementor-element elementor-element-aed2545 elementor-section-stretched elementor-section-full_width elementor-section-height-default elementor-section-height-default\" data-id=\"aed2545\" data-element_type=\"section\" data-e-type=\"section\" data-settings=\"{&quot;stretch_section&quot;:&quot;section-stretched&quot;,&quot;background_background&quot;:&quot;classic&quot;}\">\n\t\t\t\t\t\t<div class=\"elementor-container elementor-column-gap-no\">\n\t\t\t\t\t<div class=\"elementor-column elementor-col-100 elementor-top-column elementor-element elementor-element-7917975c\" data-id=\"7917975c\" data-element_type=\"column\" data-e-type=\"column\">\n\t\t\t<div class=\"elementor-widget-wrap elementor-element-populated\">\n\t\t\t\t\t\t<section class=\"elementor-section elementor-inner-section elementor-element elementor-element-12ddd457 elementor-section-full_width elementor-section-height-default elementor-section-height-default\" data-id=\"12ddd457\" data-element_type=\"section\" data-e-type=\"section\">\n\t\t\t\t\t\t<div class=\"elementor-container elementor-column-gap-default\">\n\t\t\t\t\t<div class=\"elementor-column elementor-col-33 elementor-inner-column elementor-element elementor-element-64dd6b68\" data-id=\"64dd6b68\" data-element_type=\"column\" data-e-type=\"column\">\n\t\t\t<div class=\"elementor-widget-wrap elementor-element-populated\">\n\t\t\t\t\t\t<div class=\"elementor-element elementor-element-55cf999b animated-fast elementor-invisible elementor-widget elementor-widget-image\" data-id=\"55cf999b\" data-element_type=\"widget\" data-e-type=\"widget\" data-settings=\"{&quot;_animation&quot;:&quot;fadeInRight&quot;}\" data-widget_type=\"image.default\">\n\t\t\t\t\t\t\t\t\t\t\t\t\t\t\t<img fetchpriority=\"high\" decoding=\"async\" width=\"525\" height=\"394\" src=\"https:\/\/denicmed.rs\/wp-content\/uploads\/2023\/02\/IMG_20210812_173425-1024x768.jpg\" class=\"attachment-large size-large wp-image-160\" alt=\"\" srcset=\"https:\/\/denicmed.rs\/wp-content\/uploads\/2023\/02\/IMG_20210812_173425-1024x768.jpg 1024w, https:\/\/denicmed.rs\/wp-content\/uploads\/2023\/02\/IMG_20210812_173425-300x225.jpg 300w, https:\/\/denicmed.rs\/wp-content\/uploads\/2023\/02\/IMG_20210812_173425-768x576.jpg 768w, https:\/\/denicmed.rs\/wp-content\/uploads\/2023\/02\/IMG_20210812_173425-1536x1152.jpg 1536w, https:\/\/denicmed.rs\/wp-content\/uploads\/2023\/02\/IMG_20210812_173425-2048x1536.jpg 2048w\" sizes=\"100vw\" \/>\t\t\t\t\t\t\t\t\t\t\t\t\t\t\t<\/div>\n\t\t\t\t<div class=\"elementor-element elementor-element-635f77b9 animated-fast elementor-invisible elementor-widget elementor-widget-image\" data-id=\"635f77b9\" data-element_type=\"widget\" data-e-type=\"widget\" data-settings=\"{&quot;_animation&quot;:&quot;fadeInLeft&quot;}\" data-widget_type=\"image.default\">\n\t\t\t\t\t\t\t\t\t\t\t\t\t\t\t<img decoding=\"async\" width=\"525\" height=\"394\" src=\"https:\/\/denicmed.rs\/wp-content\/uploads\/2023\/01\/IMG_20210604_053028-1024x768.jpg\" class=\"attachment-large size-large wp-image-25\" alt=\"\" srcset=\"https:\/\/denicmed.rs\/wp-content\/uploads\/2023\/01\/IMG_20210604_053028-1024x768.jpg 1024w, https:\/\/denicmed.rs\/wp-content\/uploads\/2023\/01\/IMG_20210604_053028-300x225.jpg 300w, https:\/\/denicmed.rs\/wp-content\/uploads\/2023\/01\/IMG_20210604_053028-768x576.jpg 768w, https:\/\/denicmed.rs\/wp-content\/uploads\/2023\/01\/IMG_20210604_053028-1536x1152.jpg 1536w, https:\/\/denicmed.rs\/wp-content\/uploads\/2023\/01\/IMG_20210604_053028-2048x1536.jpg 2048w\" sizes=\"100vw\" \/>\t\t\t\t\t\t\t\t\t\t\t\t\t\t\t<\/div>\n\t\t\t\t\t<\/div>\n\t\t<\/div>\n\t\t\t\t<div class=\"elementor-column elementor-col-33 elementor-inner-column elementor-element elementor-element-3e744d9\" data-id=\"3e744d9\" data-element_type=\"column\" data-e-type=\"column\">\n\t\t\t<div class=\"elementor-widget-wrap elementor-element-populated\">\n\t\t\t\t\t\t<div class=\"elementor-element elementor-element-46361e7e elementor-invisible elementor-widget elementor-widget-image\" data-id=\"46361e7e\" data-element_type=\"widget\" data-e-type=\"widget\" data-settings=\"{&quot;_animation&quot;:&quot;fadeInUp&quot;}\" data-widget_type=\"image.default\">\n\t\t\t\t\t\t\t\t\t\t\t\t\t\t\t<img decoding=\"async\" width=\"525\" height=\"394\" src=\"https:\/\/denicmed.rs\/wp-content\/uploads\/2023\/01\/IMG_20220530_045519-1-1024x768.jpg\" class=\"attachment-large size-large wp-image-125\" alt=\"\" srcset=\"https:\/\/denicmed.rs\/wp-content\/uploads\/2023\/01\/IMG_20220530_045519-1-1024x768.jpg 1024w, https:\/\/denicmed.rs\/wp-content\/uploads\/2023\/01\/IMG_20220530_045519-1-300x225.jpg 300w, https:\/\/denicmed.rs\/wp-content\/uploads\/2023\/01\/IMG_20220530_045519-1-768x576.jpg 768w, https:\/\/denicmed.rs\/wp-content\/uploads\/2023\/01\/IMG_20220530_045519-1-1536x1152.jpg 1536w, https:\/\/denicmed.rs\/wp-content\/uploads\/2023\/01\/IMG_20220530_045519-1-2048x1536.jpg 2048w\" sizes=\"100vw\" \/>\t\t\t\t\t\t\t\t\t\t\t\t\t\t\t<\/div>\n\t\t\t\t<div class=\"elementor-element elementor-element-4d976ef9 elementor-tablet-align-center elementor-align-left e-transform elementor-widget elementor-widget-button\" data-id=\"4d976ef9\" data-element_type=\"widget\" data-e-type=\"widget\" data-settings=\"{&quot;_transform_translateX_effect&quot;:{&quot;unit&quot;:&quot;px&quot;,&quot;size&quot;:-323,&quot;sizes&quot;:[]},&quot;_transform_translateX_effect_mobile&quot;:{&quot;unit&quot;:&quot;px&quot;,&quot;size&quot;:0,&quot;sizes&quot;:[]},&quot;_transform_translateY_effect&quot;:{&quot;unit&quot;:&quot;px&quot;,&quot;size&quot;:458,&quot;sizes&quot;:[]},&quot;_transform_translateY_effect_mobile&quot;:{&quot;unit&quot;:&quot;px&quot;,&quot;size&quot;:0,&quot;sizes&quot;:[]},&quot;_transform_translateX_effect_tablet&quot;:{&quot;unit&quot;:&quot;px&quot;,&quot;size&quot;:&quot;&quot;,&quot;sizes&quot;:[]},&quot;_transform_translateY_effect_tablet&quot;:{&quot;unit&quot;:&quot;px&quot;,&quot;size&quot;:&quot;&quot;,&quot;sizes&quot;:[]}}\" data-widget_type=\"button.default\">\n\t\t\t\t\t\t\t\t\t\t<a class=\"elementor-button elementor-button-link elementor-size-sm\" href=\"https:\/\/www.youtube.com\/channel\/UCSxHLW5oZBwcsoO8Kzjiojg\">\n\t\t\t\t\t\t<span class=\"elementor-button-content-wrapper\">\n\t\t\t\t\t\t<span class=\"elementor-button-icon\">\n\t\t\t\t<svg aria-hidden=\"true\" class=\"e-font-icon-svg e-fas-caret-right\" viewBox=\"0 0 192 512\" xmlns=\"http:\/\/www.w3.org\/2000\/svg\"><path d=\"M0 384.662V127.338c0-17.818 21.543-26.741 34.142-14.142l128.662 128.662c7.81 7.81 7.81 20.474 0 28.284L34.142 398.804C21.543 411.404 0 402.48 0 384.662z\"><\/path><\/svg>\t\t\t<\/span>\n\t\t\t\t\t\t\t\t\t<span class=\"elementor-button-text\">Prika\u017ei jo\u0161<\/span>\n\t\t\t\t\t<\/span>\n\t\t\t\t\t<\/a>\n\t\t\t\t\t\t\t\t<\/div>\n\t\t\t\t<div class=\"elementor-element elementor-element-164091c7 elementor-widget elementor-widget-heading\" data-id=\"164091c7\" data-element_type=\"widget\" data-e-type=\"widget\" data-widget_type=\"heading.default\">\n\t\t\t\t\t<h1 class=\"elementor-heading-title elementor-size-small\">galerija<\/h1>\t\t\t\t<\/div>\n\t\t\t\t<div class=\"elementor-element elementor-element-2b7df68b e-transform elementor-widget elementor-widget-text-editor\" data-id=\"2b7df68b\" data-element_type=\"widget\" data-e-type=\"widget\" data-settings=\"{&quot;_transform_translateX_effect&quot;:{&quot;unit&quot;:&quot;px&quot;,&quot;size&quot;:27,&quot;sizes&quot;:[]},&quot;_transform_translateX_effect_mobile&quot;:{&quot;unit&quot;:&quot;px&quot;,&quot;size&quot;:3,&quot;sizes&quot;:[]},&quot;_transform_translateY_effect&quot;:{&quot;unit&quot;:&quot;px&quot;,&quot;size&quot;:14,&quot;sizes&quot;:[]},&quot;_transform_translateX_effect_tablet&quot;:{&quot;unit&quot;:&quot;px&quot;,&quot;size&quot;:&quot;&quot;,&quot;sizes&quot;:[]},&quot;_transform_translateY_effect_tablet&quot;:{&quot;unit&quot;:&quot;px&quot;,&quot;size&quot;:&quot;&quot;,&quot;sizes&quot;:[]},&quot;_transform_translateY_effect_mobile&quot;:{&quot;unit&quot;:&quot;px&quot;,&quot;size&quot;:&quot;&quot;,&quot;sizes&quot;:[]}}\" data-widget_type=\"text-editor.default\">\n\t\t\t\t\t\t\t\t\t<p>Slike sa p\u010delinjaka u toku cele godine<\/p>\t\t\t\t\t\t\t\t<\/div>\n\t\t\t\t<div class=\"elementor-element elementor-element-58a7b602 animated-fast elementor-invisible elementor-widget elementor-widget-image\" data-id=\"58a7b602\" data-element_type=\"widget\" data-e-type=\"widget\" data-settings=\"{&quot;_animation&quot;:&quot;fadeInLeft&quot;}\" data-widget_type=\"image.default\">\n\t\t\t\t\t\t\t\t\t\t\t\t\t\t\t<img decoding=\"async\" src=\"https:\/\/denicmed.rs\/wp-content\/uploads\/elementor\/thumbs\/20210117_115549_50-q1ahhdwdk23e9ond0nc5ldio03uimxoeku6l0fvqf4.jpg\" title=\"20210117_115549_50\" alt=\"20210117_115549_50\" loading=\"lazy\" \/>\t\t\t\t\t\t\t\t\t\t\t\t\t\t\t<\/div>\n\t\t\t\t\t<\/div>\n\t\t<\/div>\n\t\t\t\t<div class=\"elementor-column elementor-col-33 elementor-inner-column elementor-element elementor-element-33342cbf\" data-id=\"33342cbf\" data-element_type=\"column\" data-e-type=\"column\">\n\t\t\t<div class=\"elementor-widget-wrap elementor-element-populated\">\n\t\t\t\t\t\t<div class=\"elementor-element elementor-element-67b54e3b animated-fast elementor-invisible elementor-widget elementor-widget-image\" data-id=\"67b54e3b\" data-element_type=\"widget\" data-e-type=\"widget\" data-settings=\"{&quot;_animation&quot;:&quot;fadeInLeft&quot;}\" data-widget_type=\"image.default\">\n\t\t\t\t\t\t\t\t\t\t\t\t\t\t\t<img loading=\"lazy\" decoding=\"async\" width=\"525\" height=\"700\" src=\"https:\/\/denicmed.rs\/wp-content\/uploads\/2023\/01\/IMG_20220517_103112-768x1024.jpg\" class=\"attachment-large size-large wp-image-31\" alt=\"\" srcset=\"https:\/\/denicmed.rs\/wp-content\/uploads\/2023\/01\/IMG_20220517_103112-768x1024.jpg 768w, https:\/\/denicmed.rs\/wp-content\/uploads\/2023\/01\/IMG_20220517_103112-225x300.jpg 225w, https:\/\/denicmed.rs\/wp-content\/uploads\/2023\/01\/IMG_20220517_103112-1152x1536.jpg 1152w, https:\/\/denicmed.rs\/wp-content\/uploads\/2023\/01\/IMG_20220517_103112-1536x2048.jpg 1536w, https:\/\/denicmed.rs\/wp-content\/uploads\/2023\/01\/IMG_20220517_103112-scaled.jpg 1920w\" sizes=\"100vw\" \/>\t\t\t\t\t\t\t\t\t\t\t\t\t\t\t<\/div>\n\t\t\t\t<div class=\"elementor-element elementor-element-197e6764 animated-fast elementor-invisible elementor-widget elementor-widget-image\" data-id=\"197e6764\" data-element_type=\"widget\" data-e-type=\"widget\" data-settings=\"{&quot;_animation&quot;:&quot;fadeInRight&quot;}\" data-widget_type=\"image.default\">\n\t\t\t\t\t\t\t\t\t\t\t\t\t\t\t<img loading=\"lazy\" decoding=\"async\" width=\"525\" height=\"394\" src=\"https:\/\/denicmed.rs\/wp-content\/uploads\/2023\/01\/IMG_20210529_122219-1024x768.jpg\" class=\"attachment-large size-large wp-image-24\" alt=\"\" srcset=\"https:\/\/denicmed.rs\/wp-content\/uploads\/2023\/01\/IMG_20210529_122219-1024x768.jpg 1024w, https:\/\/denicmed.rs\/wp-content\/uploads\/2023\/01\/IMG_20210529_122219-300x225.jpg 300w, https:\/\/denicmed.rs\/wp-content\/uploads\/2023\/01\/IMG_20210529_122219-768x576.jpg 768w, https:\/\/denicmed.rs\/wp-content\/uploads\/2023\/01\/IMG_20210529_122219-1536x1152.jpg 1536w, https:\/\/denicmed.rs\/wp-content\/uploads\/2023\/01\/IMG_20210529_122219-2048x1536.jpg 2048w\" sizes=\"100vw\" \/>\t\t\t\t\t\t\t\t\t\t\t\t\t\t\t<\/div>\n\t\t\t\t\t<\/div>\n\t\t<\/div>\n\t\t\t\t\t<\/div>\n\t\t<\/section>\n\t\t\t\t\t<\/div>\n\t\t<\/div>\n\t\t\t\t\t<\/div>\n\t\t<\/section>\n\t\t\t\t<\/div>\n\t\t","protected":false},"excerpt":{"rendered":"<p>Prika\u017ei jo\u0161 galerija Slike sa p\u010delinjaka u toku cele godine<\/p>\n","protected":false},"author":1,"featured_media":0,"parent":0,"menu_order":0,"comment_status":"closed","ping_status":"closed","template":"elementor_header_footer","meta":{"footnotes":""},"class_list":["post-42","page","type-page","status-publish","hentry"],"yoast_head":"<!-- This site is optimized with the Yoast SEO plugin v26.9 - https:\/\/yoast.com\/product\/yoast-seo-wordpress\/ -->\n<title>Slike na p\u010delinjaku kroz sva \u010detiri godi\u0161nja doba<\/title>\n<meta name=\"description\" content=\"Pogledajte kako izgleda p\u010delinjak porodice Deni\u0107 koji se nalazi na rubu planine Seli\u010device u selu Gornji Barbe\u0161.\" \/>\n<meta name=\"robots\" content=\"index, follow, max-snippet:-1, max-image-preview:large, max-video-preview:-1\" \/>\n<link rel=\"canonical\" href=\"https:\/\/denicmed.rs\/index.php\/galerija-slika\/\" \/>\n<meta property=\"og:locale\" content=\"en_US\" \/>\n<meta property=\"og:type\" content=\"article\" \/>\n<meta property=\"og:title\" content=\"Slike na p\u010delinjaku kroz sva \u010detiri godi\u0161nja doba\" \/>\n<meta property=\"og:description\" content=\"Pogledajte kako izgleda p\u010delinjak porodice Deni\u0107 koji se nalazi na rubu planine Seli\u010device u selu Gornji Barbe\u0161.\" \/>\n<meta property=\"og:url\" content=\"https:\/\/denicmed.rs\/index.php\/galerija-slika\/\" \/>\n<meta property=\"og:site_name\" content=\"deni\u0107 med\" \/>\n<meta property=\"article:modified_time\" content=\"2023-02-04T11:07:21+00:00\" \/>\n<meta property=\"og:image\" content=\"https:\/\/denicmed.rs\/wp-content\/uploads\/2023\/02\/IMG_20210812_173425-1024x768.jpg\" \/>\n<meta name=\"twitter:card\" content=\"summary_large_image\" \/>\n<meta name=\"twitter:label1\" content=\"Est. reading time\" \/>\n\t<meta name=\"twitter:data1\" content=\"2 minutes\" \/>\n<script type=\"application\/ld+json\" class=\"yoast-schema-graph\">{\"@context\":\"https:\/\/schema.org\",\"@graph\":[{\"@type\":\"WebPage\",\"@id\":\"https:\/\/denicmed.rs\/index.php\/galerija-slika\/\",\"url\":\"https:\/\/denicmed.rs\/index.php\/galerija-slika\/\",\"name\":\"Slike na p\u010delinjaku kroz sva \u010detiri godi\u0161nja doba\",\"isPartOf\":{\"@id\":\"https:\/\/denicmed.rs\/#website\"},\"primaryImageOfPage\":{\"@id\":\"https:\/\/denicmed.rs\/index.php\/galerija-slika\/#primaryimage\"},\"image\":{\"@id\":\"https:\/\/denicmed.rs\/index.php\/galerija-slika\/#primaryimage\"},\"thumbnailUrl\":\"https:\/\/denicmed.rs\/wp-content\/uploads\/2023\/02\/IMG_20210812_173425-1024x768.jpg\",\"datePublished\":\"2023-01-27T19:20:14+00:00\",\"dateModified\":\"2023-02-04T11:07:21+00:00\",\"description\":\"Pogledajte kako izgleda p\u010delinjak porodice Deni\u0107 koji se nalazi na rubu planine Seli\u010device u selu Gornji Barbe\u0161.\",\"breadcrumb\":{\"@id\":\"https:\/\/denicmed.rs\/index.php\/galerija-slika\/#breadcrumb\"},\"inLanguage\":\"en-US\",\"potentialAction\":[{\"@type\":\"ReadAction\",\"target\":[\"https:\/\/denicmed.rs\/index.php\/galerija-slika\/\"]}]},{\"@type\":\"ImageObject\",\"inLanguage\":\"en-US\",\"@id\":\"https:\/\/denicmed.rs\/index.php\/galerija-slika\/#primaryimage\",\"url\":\"https:\/\/denicmed.rs\/wp-content\/uploads\/2023\/02\/IMG_20210812_173425-1024x768.jpg\",\"contentUrl\":\"https:\/\/denicmed.rs\/wp-content\/uploads\/2023\/02\/IMG_20210812_173425-1024x768.jpg\"},{\"@type\":\"BreadcrumbList\",\"@id\":\"https:\/\/denicmed.rs\/index.php\/galerija-slika\/#breadcrumb\",\"itemListElement\":[{\"@type\":\"ListItem\",\"position\":1,\"name\":\"Home\",\"item\":\"https:\/\/denicmed.rs\/\"},{\"@type\":\"ListItem\",\"position\":2,\"name\":\"GALERIJA SLIKA\"}]},{\"@type\":\"WebSite\",\"@id\":\"https:\/\/denicmed.rs\/#website\",\"url\":\"https:\/\/denicmed.rs\/\",\"name\":\"deni\u0107 med\",\"description\":\"Proizvodnja prirodnog meda\",\"publisher\":{\"@id\":\"https:\/\/denicmed.rs\/#\/schema\/person\/7551fede5252cece93b8521ebef9a414\"},\"alternateName\":\"Gornji Barbe\u0161\",\"potentialAction\":[{\"@type\":\"SearchAction\",\"target\":{\"@type\":\"EntryPoint\",\"urlTemplate\":\"https:\/\/denicmed.rs\/?s={search_term_string}\"},\"query-input\":{\"@type\":\"PropertyValueSpecification\",\"valueRequired\":true,\"valueName\":\"search_term_string\"}}],\"inLanguage\":\"en-US\"},{\"@type\":[\"Person\",\"Organization\"],\"@id\":\"https:\/\/denicmed.rs\/#\/schema\/person\/7551fede5252cece93b8521ebef9a414\",\"name\":\"Dencha2\",\"image\":{\"@type\":\"ImageObject\",\"inLanguage\":\"en-US\",\"@id\":\"https:\/\/denicmed.rs\/#\/schema\/person\/image\/\",\"url\":\"https:\/\/denicmed.rs\/wp-content\/uploads\/2023\/01\/cropped-img_20220206_111641-scaled-1.jpg\",\"contentUrl\":\"https:\/\/denicmed.rs\/wp-content\/uploads\/2023\/01\/cropped-img_20220206_111641-scaled-1.jpg\",\"width\":512,\"height\":512,\"caption\":\"Dencha2\"},\"logo\":{\"@id\":\"https:\/\/denicmed.rs\/#\/schema\/person\/image\/\"},\"sameAs\":[\"https:\/\/denicmed.rs\/\",\"https:\/\/www.linkedin.com\/in\/milan-deni-080168109\",\"https:\/\/www.youtube.com\/channel\/UCSxHLW5oZBwcsoO8Kzjiojg\"]}]}<\/script>\n<!-- \/ Yoast SEO plugin. -->","yoast_head_json":{"title":"Slike na p\u010delinjaku kroz sva \u010detiri godi\u0161nja doba","description":"Pogledajte kako izgleda p\u010delinjak porodice Deni\u0107 koji se nalazi na rubu planine Seli\u010device u selu Gornji Barbe\u0161.","robots":{"index":"index","follow":"follow","max-snippet":"max-snippet:-1","max-image-preview":"max-image-preview:large","max-video-preview":"max-video-preview:-1"},"canonical":"https:\/\/denicmed.rs\/index.php\/galerija-slika\/","og_locale":"en_US","og_type":"article","og_title":"Slike na p\u010delinjaku kroz sva \u010detiri godi\u0161nja doba","og_description":"Pogledajte kako izgleda p\u010delinjak porodice Deni\u0107 koji se nalazi na rubu planine Seli\u010device u selu Gornji Barbe\u0161.","og_url":"https:\/\/denicmed.rs\/index.php\/galerija-slika\/","og_site_name":"deni\u0107 med","article_modified_time":"2023-02-04T11:07:21+00:00","og_image":[{"url":"https:\/\/denicmed.rs\/wp-content\/uploads\/2023\/02\/IMG_20210812_173425-1024x768.jpg","type":"","width":"","height":""}],"twitter_card":"summary_large_image","twitter_misc":{"Est. reading time":"2 minutes"},"schema":{"@context":"https:\/\/schema.org","@graph":[{"@type":"WebPage","@id":"https:\/\/denicmed.rs\/index.php\/galerija-slika\/","url":"https:\/\/denicmed.rs\/index.php\/galerija-slika\/","name":"Slike na p\u010delinjaku kroz sva \u010detiri godi\u0161nja doba","isPartOf":{"@id":"https:\/\/denicmed.rs\/#website"},"primaryImageOfPage":{"@id":"https:\/\/denicmed.rs\/index.php\/galerija-slika\/#primaryimage"},"image":{"@id":"https:\/\/denicmed.rs\/index.php\/galerija-slika\/#primaryimage"},"thumbnailUrl":"https:\/\/denicmed.rs\/wp-content\/uploads\/2023\/02\/IMG_20210812_173425-1024x768.jpg","datePublished":"2023-01-27T19:20:14+00:00","dateModified":"2023-02-04T11:07:21+00:00","description":"Pogledajte kako izgleda p\u010delinjak porodice Deni\u0107 koji se nalazi na rubu planine Seli\u010device u selu Gornji Barbe\u0161.","breadcrumb":{"@id":"https:\/\/denicmed.rs\/index.php\/galerija-slika\/#breadcrumb"},"inLanguage":"en-US","potentialAction":[{"@type":"ReadAction","target":["https:\/\/denicmed.rs\/index.php\/galerija-slika\/"]}]},{"@type":"ImageObject","inLanguage":"en-US","@id":"https:\/\/denicmed.rs\/index.php\/galerija-slika\/#primaryimage","url":"https:\/\/denicmed.rs\/wp-content\/uploads\/2023\/02\/IMG_20210812_173425-1024x768.jpg","contentUrl":"https:\/\/denicmed.rs\/wp-content\/uploads\/2023\/02\/IMG_20210812_173425-1024x768.jpg"},{"@type":"BreadcrumbList","@id":"https:\/\/denicmed.rs\/index.php\/galerija-slika\/#breadcrumb","itemListElement":[{"@type":"ListItem","position":1,"name":"Home","item":"https:\/\/denicmed.rs\/"},{"@type":"ListItem","position":2,"name":"GALERIJA SLIKA"}]},{"@type":"WebSite","@id":"https:\/\/denicmed.rs\/#website","url":"https:\/\/denicmed.rs\/","name":"deni\u0107 med","description":"Proizvodnja prirodnog meda","publisher":{"@id":"https:\/\/denicmed.rs\/#\/schema\/person\/7551fede5252cece93b8521ebef9a414"},"alternateName":"Gornji Barbe\u0161","potentialAction":[{"@type":"SearchAction","target":{"@type":"EntryPoint","urlTemplate":"https:\/\/denicmed.rs\/?s={search_term_string}"},"query-input":{"@type":"PropertyValueSpecification","valueRequired":true,"valueName":"search_term_string"}}],"inLanguage":"en-US"},{"@type":["Person","Organization"],"@id":"https:\/\/denicmed.rs\/#\/schema\/person\/7551fede5252cece93b8521ebef9a414","name":"Dencha2","image":{"@type":"ImageObject","inLanguage":"en-US","@id":"https:\/\/denicmed.rs\/#\/schema\/person\/image\/","url":"https:\/\/denicmed.rs\/wp-content\/uploads\/2023\/01\/cropped-img_20220206_111641-scaled-1.jpg","contentUrl":"https:\/\/denicmed.rs\/wp-content\/uploads\/2023\/01\/cropped-img_20220206_111641-scaled-1.jpg","width":512,"height":512,"caption":"Dencha2"},"logo":{"@id":"https:\/\/denicmed.rs\/#\/schema\/person\/image\/"},"sameAs":["https:\/\/denicmed.rs\/","https:\/\/www.linkedin.com\/in\/milan-deni-080168109","https:\/\/www.youtube.com\/channel\/UCSxHLW5oZBwcsoO8Kzjiojg"]}]}},"_links":{"self":[{"href":"https:\/\/denicmed.rs\/index.php\/wp-json\/wp\/v2\/pages\/42","targetHints":{"allow":["GET"]}}],"collection":[{"href":"https:\/\/denicmed.rs\/index.php\/wp-json\/wp\/v2\/pages"}],"about":[{"href":"https:\/\/denicmed.rs\/index.php\/wp-json\/wp\/v2\/types\/page"}],"author":[{"embeddable":true,"href":"https:\/\/denicmed.rs\/index.php\/wp-json\/wp\/v2\/users\/1"}],"replies":[{"embeddable":true,"href":"https:\/\/denicmed.rs\/index.php\/wp-json\/wp\/v2\/comments?post=42"}],"version-history":[{"count":35,"href":"https:\/\/denicmed.rs\/index.php\/wp-json\/wp\/v2\/pages\/42\/revisions"}],"predecessor-version":[{"id":321,"href":"https:\/\/denicmed.rs\/index.php\/wp-json\/wp\/v2\/pages\/42\/revisions\/321"}],"wp:attachment":[{"href":"https:\/\/denicmed.rs\/index.php\/wp-json\/wp\/v2\/media?parent=42"}],"curies":[{"name":"wp","href":"https:\/\/api.w.org\/{rel}","templated":true}]}}